{"id":5044,"date":"2025-03-05T13:41:03","date_gmt":"2025-03-05T12:41:03","guid":{"rendered":"https:\/\/roechling.dsdtp.de\/transparency\/"},"modified":"2026-03-30T12:08:46","modified_gmt":"2026-03-30T10:08:46","slug":"transparency","status":"publish","type":"page","link":"https:\/\/roechling-stiftung.de\/en\/transparency\/","title":{"rendered":"Transparency"},"content":{"rendered":"<div class=\"fusion-fullwidth fullwidth-box fusion-builder-row-1 fusion-flex-container has-pattern-background has-mask-background nonhundred-percent-fullwidth non-hundred-percent-height-scrolling\" style=\"--awb-border-radius-top-left:0px;--awb-border-radius-top-right:0px;--awb-border-radius-bottom-right:0px;--awb-border-radius-bottom-left:0px;--awb-padding-top:0px;--awb-padding-right:0px;--awb-padding-bottom:3vh;--awb-padding-left:0px;--awb-margin-top:0px;--awb-flex-wrap:wrap;\" ><div class=\"fusion-builder-row fusion-row fusion-flex-align-items-flex-start fusion-flex-content-wrap\" style=\"max-width:1144px;margin-left: calc(-4% \/ 2 );margin-right: calc(-4% \/ 2 );\"><div class=\"fusion-layout-column fusion_builder_column fusion-builder-column-0 fusion_builder_column_1_1 1_1 fusion-flex-column\" style=\"--awb-bg-size:cover;--awb-width-large:100%;--awb-margin-top-large:0px;--awb-spacing-right-large:1.92%;--awb-margin-bottom-large:20px;--awb-spacing-left-large:1.92%;--awb-width-medium:100%;--awb-order-medium:0;--awb-spacing-right-medium:1.92%;--awb-spacing-left-medium:1.92%;--awb-width-small:100%;--awb-order-small:0;--awb-spacing-right-small:1.92%;--awb-spacing-left-small:1.92%;\"><div class=\"fusion-column-wrapper fusion-column-has-shadow fusion-flex-justify-content-flex-start fusion-content-layout-column\"><div class=\"fusion-title title fusion-title-1 fusion-sep-none fusion-title-text fusion-title-size-one\" style=\"--awb-margin-top-small:10px;--awb-margin-bottom-small:10px;--awb-font-size:var(--awb-typography1-font-size);\"><h1 class=\"fusion-title-heading title-heading-left\" style=\"font-family:var(--awb-typography1-font-family);font-weight:var(--awb-typography1-font-weight);font-style:var(--awb-typography1-font-style);margin:0;letter-spacing:var(--awb-typography1-letter-spacing);text-transform:var(--awb-typography1-text-transform);font-size:1em;line-height:var(--awb-typography1-line-height);\">Transparency<\/h1><\/div><div class=\"fusion-text fusion-text-1\"><p>As a non-profit organization, transparency is important to us. We therefore regularly provide information about our activities and finances and have signed the declaration of commitment of the Transparent Civil Society Initiative.<\/p>\n<\/div><div class=\"fusion-text fusion-text-2\"><h5>1. Name, registered office, address and year of foundation<\/h5>\n<p>R\u00f6chling Stiftung gGmbH<br \/>\nFounded in 1990<br \/>\nContact: Uwe Amrhein; Mail:  <a href=\"mailto:uwe.amrhein@roechling-stiftung.de\">uwe.amrhein@roechling-stiftung.de<\/a><\/p>\n<\/div><div class=\"fusion-text fusion-text-3\"><h5>2. Complete statutes<\/h5>\n<p><a href=\"https:\/\/roechling-stiftung.de\/en\/statutes\/\">Our articles of association<\/a><\/p>\n<\/div><div class=\"fusion-text fusion-text-4\"><h5>3. Information on tax benefits<\/h5>\n<p>Mannheim Tax Office<br \/>\nTax number 38146\/12622<br \/>\nExemption certificate for corporation tax for the years 2020-2022; issued on April 30, 2025<\/p>\n<\/div><div class=\"fusion-text fusion-text-5\"><h5>4. Name and function of key decision-makers<\/h5>\n<p><a href=\"https:\/\/roechling-stiftung.de\/en\/foundation\/#kuratorium\">Names and functions<\/a><\/p>\n<\/div><div class=\"fusion-text fusion-text-6\"><h5>5. Personnel structure<\/h5>\n<p><a href=\"https:\/\/roechling-stiftung.de\/en\/foundation\/#team\">Team of the R\u00f6chling Foundation<\/a><\/p>\n<table>\n<tbody>\n<tr>\n<th style=\"text-align: left; padding-right: 30px;\">Number of employees:<\/th>\n<td>4<\/td>\n<\/tr>\n<tr>\n<th style=\"text-align: left; padding-right: 30px;\">of which are unpaid:<\/th>\n<td>2<\/td>\n<\/tr>\n<tr>\n<th style=\"text-align: left; padding-right: 30px;\">of which are paid:<\/th>\n<td>2<\/td>\n<\/tr>\n<\/tbody>\n<\/table>\n<\/div><div class=\"fusion-text fusion-text-7\"><h5>6. Information on the origin and use of funds<\/h5>\n<p><a href=\"https:\/\/roechling-stiftung.de\/download\/5706\/?tmstv=1768227694\">Report (German Language)<\/a><\/p>\n<h6>Use of funds<\/h6>\n<div class=\"table-1 undefined\">\n<table width=\"100%\">\n<tbody>\n<tr>\n<td width=\"3%\">&nbsp;<\/td>\n<td align=\"left\">&nbsp;<\/td>\n<td align=\"right\">Total<\/td>\n<\/tr>\n<tr>\n<td align=\"left\"><strong>1.<\/strong><\/td>\n<td align=\"left\"><strong>Expenses for statutory funding measures<\/strong><\/td>\n<td align=\"right\"><strong>\u20ac1,000,645.70<\/strong><\/td>\n<\/tr>\n<tr>\n<td align=\"left\">&nbsp;<\/td>\n<td align=\"left\">Project funding \u201cPlastics and the Environment\u201d<\/td>\n<td align=\"right\">\u20ac909,800.00<\/td>\n<\/tr>\n<tr>\n<td align=\"left\">&nbsp;<\/td>\n<td align=\"left\">Project funding for other statutory purposes<\/td>\n<td align=\"right\">\u20ac7,724.59<\/td>\n<\/tr>\n<tr>\n<td align=\"left\">&nbsp;<\/td>\n<td align=\"left\">Expenses for own publications and events<\/td>\n<td align=\"right\">\u20ac83,121.11<\/td>\n<\/tr>\n<tr>\n<td align=\"left\">&nbsp;<\/td>\n<td align=\"left\">&nbsp;<\/td>\n<td align=\"left\">&nbsp;<\/td>\n<\/tr>\n<tr>\n<td align=\"left\"><strong>2.<\/strong><\/td>\n<td align=\"left\"><strong>Personnel expenses<\/strong><\/td>\n<td align=\"right\"><strong>\u20ac125,537.70<\/strong><\/td>\n<\/tr>\n<tr>\n<td align=\"left\">&nbsp;<\/td>\n<td align=\"left\">Wages and salaries<\/td>\n<td align=\"right\">\u20ac109,109.73<\/td>\n<\/tr>\n<tr>\n<td align=\"left\">&nbsp;<\/td>\n<td align=\"left\">Social security contributions<\/td>\n<td align=\"right\">\u20ac16,427.79<\/td>\n<\/tr>\n<tr>\n<td align=\"left\">&nbsp;<\/td>\n<td align=\"left\">&nbsp;<\/td>\n<td align=\"left\">&nbsp;<\/td>\n<\/tr>\n<tr>\n<td align=\"left\"><strong>3.<\/strong><\/td>\n<td align=\"left\"><strong>Other expenses from the foundation&#8217;s activities<\/strong><\/td>\n<td align=\"right\"><strong>\u20ac59,844.45<\/strong><\/td>\n<\/tr>\n<tr>\n<td align=\"left\">&nbsp;<\/td>\n<td align=\"left\">&nbsp;<\/td>\n<td align=\"right\">&nbsp;<\/td>\n<\/tr>\n<tr>\n<td align=\"left\">&nbsp;<\/td>\n<td align=\"right\"><strong>total<\/strong><\/td>\n<td align=\"right\"><strong>\u20ac1,186,027.85<\/strong><\/td>\n<\/tr>\n<\/tbody>\n<\/table>\n<\/div>\n<h6>Origin of funds<\/h6>\n<div class=\"table-1 undefined\">\n<table width=\"100%\">\n<tbody>\n<tr>\n<td width=\"3%\">&nbsp;<\/td>\n<td align=\"left\">&nbsp;<\/td>\n<td align=\"right\">Total<\/td>\n<\/tr>\n<tr>\n<td align=\"left\"><strong>1.<\/strong><\/td>\n<td align=\"left\"><strong>Income from investments<\/strong><\/td>\n<td align=\"right\"><strong>\u20ac1,047,750.00<\/strong><\/td>\n<\/tr>\n<tr>\n<td align=\"left\">&nbsp;<\/td>\n<td align=\"left\"><strong>Interest and similar income<\/strong><\/td>\n<td align=\"right\"><strong>\u20ac797,917.96<\/strong><\/td>\n<\/tr>\n<tr>\n<td align=\"left\">&nbsp;<\/td>\n<td align=\"left\"><strong>Donations and grants<\/strong><\/td>\n<td align=\"right\"><strong>\u20ac54,543.91<\/strong><\/td>\n<\/tr>\n<tr>\n<td align=\"left\">&nbsp;<\/td>\n<td align=\"left\"><strong>Other income from the foundation&#8217;s activities<\/strong><\/td>\n<td align=\"right\"><strong>\u20ac0<\/strong><\/td>\n<\/tr>\n<tr>\n<td align=\"left\">&nbsp;<\/td>\n<td align=\"left\">&nbsp;<\/td>\n<td align=\"left\">&nbsp;<\/td>\n<\/tr>\n<tr>\n<td align=\"left\">&nbsp;<\/td>\n<td align=\"right\"><strong>total<\/strong><\/td>\n<td align=\"right\"><strong>1,900,211.87<\/strong> \u20ac<\/td>\n<\/tr>\n<\/tbody>\n<\/table>\n<\/div>\n<\/div><div class=\"fusion-text fusion-text-8\"><h5>7. Corporate affiliation with third parties<\/h5>\n<p>R\u00f6chling Stiftung gGmbH holds approximately 3.5 percent of non-voting shares in R\u00f6chling SE &amp; Co. KG.<\/p>\n<\/div><div class=\"fusion-text fusion-text-9\"><h5>8. Names of (legal) persons whose annual payments account for more than ten percent of the total annual budget<\/h5>\n<p>R\u00f6chling Stiftung gGmbH receives an annual dividend from its non-voting shares in R\u00f6chling SE &amp; Co. KG. In addition, the R\u00f6chling Foundation receives interest from loans to Gebr\u00fcder R\u00f6chling Treuhand GmbH. <\/p>\n<\/div><\/div><\/div><\/div><\/div>\n","protected":false},"excerpt":{"rendered":"","protected":false},"author":1,"featured_media":0,"parent":0,"menu_order":0,"comment_status":"closed","ping_status":"closed","template":"","meta":{"footnotes":""},"class_list":["post-5044","page","type-page","status-publish","hentry"],"_links":{"self":[{"href":"https:\/\/roechling-stiftung.de\/en\/wp-json\/wp\/v2\/pages\/5044","targetHints":{"allow":["GET"]}}],"collection":[{"href":"https:\/\/roechling-stiftung.de\/en\/wp-json\/wp\/v2\/pages"}],"about":[{"href":"https:\/\/roechling-stiftung.de\/en\/wp-json\/wp\/v2\/types\/page"}],"author":[{"embeddable":true,"href":"https:\/\/roechling-stiftung.de\/en\/wp-json\/wp\/v2\/users\/1"}],"replies":[{"embeddable":true,"href":"https:\/\/roechling-stiftung.de\/en\/wp-json\/wp\/v2\/comments?post=5044"}],"version-history":[{"count":1,"href":"https:\/\/roechling-stiftung.de\/en\/wp-json\/wp\/v2\/pages\/5044\/revisions"}],"predecessor-version":[{"id":5929,"href":"https:\/\/roechling-stiftung.de\/en\/wp-json\/wp\/v2\/pages\/5044\/revisions\/5929"}],"wp:attachment":[{"href":"https:\/\/roechling-stiftung.de\/en\/wp-json\/wp\/v2\/media?parent=5044"}],"curies":[{"name":"wp","href":"https:\/\/api.w.org\/{rel}","templated":true}]}}